{"id":30,"date":"2019-03-09T21:50:35","date_gmt":"2019-03-09T14:50:35","guid":{"rendered":"https:\/\/tppone.com\/demo\/camera2\/?page_id=30"},"modified":"2024-03-26T00:38:00","modified_gmt":"2024-03-25T17:38:00","slug":"about","status":"publish","type":"page","link":"https:\/\/lexvu.vn\/vi\/about\/","title":{"rendered":"Gi\u1edbi Thi\u1ec7u"},"content":{"rendered":"<section class=\"section\" id=\"section_1087710481\">\n\t\t<div class=\"bg section-bg fill bg-fill  bg-loaded\" >\n\n\t\t\t\n\t\t\t\n\t\t\t\n\n\t\t<\/div>\n\n\t\t\n\n\t\t<div class=\"section-content relative\">\n\t\t\t\n\n<div class=\"row row-collapse row-full-width\"  id=\"row-1464301222\">\n\n\n\t<div id=\"col-1091169854\" class=\"col small-12 large-12\"  >\n\t\t\t\t<div class=\"col-inner\"  >\n\t\t\t\n\t\t\t\n\n\n  <div class=\"banner has-hover\" id=\"banner-1754673543\">\n          <div class=\"banner-inner fill\">\n        <div class=\"banner-bg fill\" >\n            <div class=\"bg fill bg-fill\"><\/div>\n                        <div class=\"overlay\"><\/div>            \n                    <\/div>\n\t\t\n        <div class=\"banner-layers container\">\n            <div class=\"fill banner-link\"><\/div>            \n\n   <div id=\"text-box-1103467846\" class=\"text-box banner-layer x50 md-x50 lg-x50 y50 md-y50 lg-y50 res-text\">\n                                <div class=\"text-box-content text dark\">\n              \n              <div class=\"text-inner text-center\">\n                  \n\n<h1 class=\"heading\" style=\"text-align: center;\"><span style=\"color: #ffffff; font-size: 110%;\"><strong>GI\u1edaI <span style=\"color: rgba(255,255,255,0.1); -webkit-text-stroke: 1px #fff;\"> THI\u1ec6U <\/span><\/strong><\/span><\/h1>\n<p>&nbsp;<\/p>\n\n              <\/div>\n           <\/div>\n                            \n<style>\n#text-box-1103467846 {\n  width: 60%;\n}\n#text-box-1103467846 .text-box-content {\n  font-size: 100%;\n}\n<\/style>\n    <\/div>\n \n\n        <\/div>\n      <\/div>\n\n            \n<style>\n#banner-1754673543 {\n  padding-top: 320px;\n  background-color: rgb(0,0,0);\n}\n#banner-1754673543 .bg.bg-loaded {\n  background-image: url(https:\/\/lexvu.vn\/wp-content\/uploads\/2022\/11\/About-1-scaled.jpg);\n}\n#banner-1754673543 .overlay {\n  background-color: rgba(0, 0, 0, 0.3);\n}\n#banner-1754673543 .ux-shape-divider--top svg {\n  height: 150px;\n  --divider-top-width: 100%;\n}\n#banner-1754673543 .ux-shape-divider--bottom svg {\n  height: 150px;\n  --divider-width: 100%;\n}\n@media (min-width:550px) {\n  #banner-1754673543 {\n    padding-top: 400px;\n  }\n}\n<\/style>\n  <\/div>\n\n\n\n\t\t<\/div>\n\t\t\t\t\t<\/div>\n\n\t\n\n<\/div>\n\n\t\t<\/div>\n\n\t\t\n<style>\n#section_1087710481 {\n  padding-top: 0px;\n  padding-bottom: 0px;\n}\n#section_1087710481 .ux-shape-divider--top svg {\n  height: 150px;\n  --divider-top-width: 100%;\n}\n#section_1087710481 .ux-shape-divider--bottom svg {\n  height: 150px;\n  --divider-width: 100%;\n}\n<\/style>\n\t<\/section>\n\t\n\t<section class=\"section\" id=\"section_880647535\">\n\t\t<div class=\"bg section-bg fill bg-fill  bg-loaded\" >\n\n\t\t\t\n\t\t\t\n\t\t\t\n\n\t\t<\/div>\n\n\t\t\n\n\t\t<div class=\"section-content relative\">\n\t\t\t\n\n\t<div id=\"gap-1481080878\" class=\"gap-element clearfix\" style=\"display:block; height:auto;\">\n\t\t\n<style>\n#gap-1481080878 {\n  padding-top: 30px;\n}\n<\/style>\n\t<\/div>\n\t\n\n<div class=\"row row-large row-full-width align-center\"  id=\"row-601588166\">\n\n\n\t<div id=\"col-1281243420\" class=\"col medium-10 small-12 large-10\"  >\n\t\t\t\t<div class=\"col-inner text-left\"  >\n\t\t\t\n\t\t\t\n\n\t<div id=\"text-3465428792\" class=\"text\">\n\t\t\n\n<h3><span style=\"font-size: 200%;\">V\u1ec0 <span style=\"color: transparent; -webkit-text-stroke: 1px #fff;\">LEXVU<\/span><\/span><\/h3>\n\t\t\n<style>\n#text-3465428792 {\n  font-size: 1.7rem;\n  text-align: left;\n}\n<\/style>\n\t<\/div>\n\t\n\t<div id=\"gap-1868919682\" class=\"gap-element clearfix\" style=\"display:block; height:auto;\">\n\t\t\n<style>\n#gap-1868919682 {\n  padding-top: 20px;\n}\n<\/style>\n\t<\/div>\n\t\n\n\t<div id=\"text-3992836852\" class=\"text\">\n\t\t\n\n<p style=\"text-align: justify;\">\u0110\u01b0\u1ee3c th\u00e0nh l\u1eadp t\u1eeb n\u0103m 2013 b\u1edfi nh\u1ea1c s\u0129 L\u00ea Xu\u00e2n V\u0169, Lexvu Audio Post Production l\u00e0 m\u1ed9t trong nh\u1eefng c\u00f4ng ty s\u1ea3n xu\u1ea5t \u00e2m nh\u1ea1c v\u00e0 h\u1eadu k\u1ef3 \u00e2m thanh cho phim v\u00e0 phim qu\u1ea3ng c\u00e1o h\u00e0ng \u0111\u1ea7u t\u1ea1i Vi\u1ec7t Nam. Ghi d\u1ea5u b\u1eb1ng nh\u1eefng s\u1ea3n ph\u1ea9m \u00e2m nh\u1ea1c \u0111i v\u00e0o t\u00e2m tr\u00ed ng\u01b0\u1eddi Vi\u1ec7t nh\u01b0: Yahoo Vi\u1ec7t Nam (T\u1ea5m C\u00e1m), Vinamilk tr\u0103m ph\u1ea7n tr\u0103m, \u0110\u00f4i C\u00e1nh T\u00ecnh Y\u00eau (Tvc Mitsubishi)\u2026<\/p>\n<p style=\"text-align: justify;\">M\u1ed9t c\u00fa n\u1ed5 g\u1ea7m vang s\u00e1ng lo\u00e1 c\u1ea3 b\u1ea7u tr\u1eddi, m\u1ed9t d\u00f2ng s\u00f3ng ng\u1ea7m tu\u00f4n ch\u1ea3y gi\u1eefa \u0111\u1ea1i ng\u00e0n, hay m\u1ed9t v\u1eadn \u0111\u1ed9ng vi\u00ean m\u1ec7t nho\u00e0i th\u1edf g\u1ea5p sau bu\u1ed5i t\u1eadp luy\u1ec7n. H\u00ecnh \u1ea3nh kh\u00f4ng ch\u1ec9 l\u00e0 c\u00e1ch duy nh\u1ea5t \u0111\u1ec3 truy\u1ec1n t\u1ea3i c\u1ea3m x\u00fac: \u00e2m thanh, \u00e2m nh\u1ea1c c\u00f3 th\u1ec3 ch\u1ea1m \u0111\u1ebfn tr\u00e1i tim c\u1ee7a kh\u00e1n gi\u1ea3 theo c\u00e1ch r\u1ea5t ri\u00eang c\u1ee7a m\u00ecnh. \u0110\u00f3 l\u00e0 m\u1ed9t ngh\u1ec7 thu\u1eadt c\u1ea7n r\u1ea5t nhi\u1ec1u th\u1eddi gian \u0111\u1ec3 th\u00e0nh th\u1ea1o \u2013 v\u00e0 ch\u00fang t\u00f4i v\u1eabn \u0111ang ti\u1ebfp t\u1ee5c ho\u00e0n thi\u1ec7n trong su\u1ed1t h\u01a1n m\u1ed9t th\u1eadp k\u1ef7 qua.<\/p>\n<p style=\"text-align: justify;\">Ch\u00fang t\u00f4i hi\u1ec3u, \u0111\u1eb1ng sau m\u1ed7i th\u01b0\u1edbc film l\u00e0 s\u1ef1 t\u00e2m huy\u1ebft v\u00e0 c\u00f4ng s\u1ee9c c\u1ee7a c\u1ea3 m\u1ed9t ekip. B\u1ea5t k\u1ec3 d\u1ef1 \u00e1n l\u1edbn hay nh\u1ecf, Lexvu lu\u00f4n tr\u00e2n tr\u1ecdng v\u00e0 n\u1ed7 l\u1ef1c h\u1ebft m\u00ecnh \u0111\u1ec3 n\u00e2ng t\u1ea7m gi\u00e1 tr\u1ecb s\u1ea3n ph\u1ea9m b\u1eb1ng nh\u1eefng thanh \u00e2m s\u1ed1ng \u0111\u1ed9ng tr\u00ean t\u1eebng khung h\u00ecnh. Ch\u00fang t\u00f4i g\u1ecdi \u0111\u00f3 l\u00e0 \u201cSpirit of Sound\u201d<\/p>\n\t\t\n<style>\n#text-3992836852 {\n  font-size: 1.5rem;\n  text-align: left;\n}\n<\/style>\n\t<\/div>\n\t\n\n\t\t<\/div>\n\t\t\t\t\n<style>\n#col-1281243420 > .col-inner {\n  padding: px 0px 0px 0px;\n}\n<\/style>\n\t<\/div>\n\n\t\n\n<\/div>\n\n  \n    <div class=\"row large-columns-4 medium-columns-3 small-columns-2 row-small row-full-width\">\n  <div class=\"gallery-col col\" >\n          <div class=\"col-inner\">\n            <a class=\"image-lightbox lightbox-gallery\" href=\"https:\/\/lexvu.vn\/wp-content\/uploads\/2024\/03\/1-1024x576.jpg\" title=\"\">            <div class=\"box has-hover gallery-box box-overlay dark\">\n              <div class=\"box-image\" >\n                <img loading=\"lazy\" decoding=\"async\" width=\"300\" height=\"169\" src=\"https:\/\/lexvu.vn\/wp-content\/uploads\/2024\/03\/1-300x169.jpg\" class=\"attachment-medium size-medium\" alt=\"\" ids=\"1272,1273,1274,1275,1276,1277,1278,1279,1280,1281,1282,1283\" col_spacing=\"small\" srcset=\"https:\/\/lexvu.vn\/wp-content\/uploads\/2024\/03\/1-300x169.jpg 300w, https:\/\/lexvu.vn\/wp-content\/uploads\/2024\/03\/1-1024x576.jpg 1024w, https:\/\/lexvu.vn\/wp-content\/uploads\/2024\/03\/1-768x432.jpg 768w, https:\/\/lexvu.vn\/wp-content\/uploads\/2024\/03\/1-1536x864.jpg 1536w, https:\/\/lexvu.vn\/wp-content\/uploads\/2024\/03\/1-18x10.jpg 18w, https:\/\/lexvu.vn\/wp-content\/uploads\/2024\/03\/1.jpg 2048w\" sizes=\"auto, (max-width: 300px) 100vw, 300px\" \/>                                  <div class=\"overlay fill\"\n                      style=\"background-color: rgba(0,0,0,.15)\">\n                  <\/div>\n                                                              <\/div>\n              <div class=\"box-text text-left\" >\n                 <p><\/p>\n              <\/div>\n            <\/div>\n            <\/a>          <\/div>\n         <\/div><div class=\"gallery-col col\" >\n          <div class=\"col-inner\">\n            <a class=\"image-lightbox lightbox-gallery\" href=\"https:\/\/lexvu.vn\/wp-content\/uploads\/2024\/03\/2-1024x576.jpg\" title=\"\">            <div class=\"box has-hover gallery-box box-overlay dark\">\n              <div class=\"box-image\" >\n                <img loading=\"lazy\" decoding=\"async\" width=\"300\" height=\"169\" src=\"https:\/\/lexvu.vn\/wp-content\/uploads\/2024\/03\/2-300x169.jpg\" class=\"attachment-medium size-medium\" alt=\"\" ids=\"1272,1273,1274,1275,1276,1277,1278,1279,1280,1281,1282,1283\" col_spacing=\"small\" srcset=\"https:\/\/lexvu.vn\/wp-content\/uploads\/2024\/03\/2-300x169.jpg 300w, https:\/\/lexvu.vn\/wp-content\/uploads\/2024\/03\/2-1024x576.jpg 1024w, https:\/\/lexvu.vn\/wp-content\/uploads\/2024\/03\/2-768x432.jpg 768w, https:\/\/lexvu.vn\/wp-content\/uploads\/2024\/03\/2-1536x864.jpg 1536w, https:\/\/lexvu.vn\/wp-content\/uploads\/2024\/03\/2-18x10.jpg 18w, https:\/\/lexvu.vn\/wp-content\/uploads\/2024\/03\/2.jpg 2048w\" sizes=\"auto, (max-width: 300px) 100vw, 300px\" \/>                                  <div class=\"overlay fill\"\n                      style=\"background-color: rgba(0,0,0,.15)\">\n                  <\/div>\n                                                              <\/div>\n              <div class=\"box-text text-left\" >\n                 <p><\/p>\n              <\/div>\n            <\/div>\n            <\/a>          <\/div>\n         <\/div><div class=\"gallery-col col\" >\n          <div class=\"col-inner\">\n            <a class=\"image-lightbox lightbox-gallery\" href=\"https:\/\/lexvu.vn\/wp-content\/uploads\/2024\/03\/3-1024x576.jpg\" title=\"\">            <div class=\"box has-hover gallery-box box-overlay dark\">\n              <div class=\"box-image\" >\n                <img loading=\"lazy\" decoding=\"async\" width=\"300\" height=\"169\" src=\"https:\/\/lexvu.vn\/wp-content\/uploads\/2024\/03\/3-300x169.jpg\" class=\"attachment-medium size-medium\" alt=\"\" ids=\"1272,1273,1274,1275,1276,1277,1278,1279,1280,1281,1282,1283\" col_spacing=\"small\" srcset=\"https:\/\/lexvu.vn\/wp-content\/uploads\/2024\/03\/3-300x169.jpg 300w, https:\/\/lexvu.vn\/wp-content\/uploads\/2024\/03\/3-1024x576.jpg 1024w, https:\/\/lexvu.vn\/wp-content\/uploads\/2024\/03\/3-768x432.jpg 768w, https:\/\/lexvu.vn\/wp-content\/uploads\/2024\/03\/3-1536x864.jpg 1536w, https:\/\/lexvu.vn\/wp-content\/uploads\/2024\/03\/3-18x10.jpg 18w, https:\/\/lexvu.vn\/wp-content\/uploads\/2024\/03\/3.jpg 2048w\" sizes=\"auto, (max-width: 300px) 100vw, 300px\" \/>                                  <div class=\"overlay fill\"\n                      style=\"background-color: rgba(0,0,0,.15)\">\n                  <\/div>\n                                                              <\/div>\n              <div class=\"box-text text-left\" >\n                 <p><\/p>\n              <\/div>\n            <\/div>\n            <\/a>          <\/div>\n         <\/div><div class=\"gallery-col col\" >\n          <div class=\"col-inner\">\n            <a class=\"image-lightbox lightbox-gallery\" href=\"https:\/\/lexvu.vn\/wp-content\/uploads\/2024\/03\/4-1024x576.jpg\" title=\"\">            <div class=\"box has-hover gallery-box box-overlay dark\">\n              <div class=\"box-image\" >\n                <img loading=\"lazy\" decoding=\"async\" width=\"300\" height=\"169\" src=\"https:\/\/lexvu.vn\/wp-content\/uploads\/2024\/03\/4-300x169.jpg\" class=\"attachment-medium size-medium\" alt=\"\" ids=\"1272,1273,1274,1275,1276,1277,1278,1279,1280,1281,1282,1283\" col_spacing=\"small\" srcset=\"https:\/\/lexvu.vn\/wp-content\/uploads\/2024\/03\/4-300x169.jpg 300w, https:\/\/lexvu.vn\/wp-content\/uploads\/2024\/03\/4-1024x576.jpg 1024w, https:\/\/lexvu.vn\/wp-content\/uploads\/2024\/03\/4-768x432.jpg 768w, https:\/\/lexvu.vn\/wp-content\/uploads\/2024\/03\/4-1536x864.jpg 1536w, https:\/\/lexvu.vn\/wp-content\/uploads\/2024\/03\/4-18x10.jpg 18w, https:\/\/lexvu.vn\/wp-content\/uploads\/2024\/03\/4.jpg 2048w\" sizes=\"auto, (max-width: 300px) 100vw, 300px\" \/>                                  <div class=\"overlay fill\"\n                      style=\"background-color: rgba(0,0,0,.15)\">\n                  <\/div>\n                                                              <\/div>\n              <div class=\"box-text text-left\" >\n                 <p><\/p>\n              <\/div>\n            <\/div>\n            <\/a>          <\/div>\n         <\/div><div class=\"gallery-col col\" >\n          <div class=\"col-inner\">\n            <a class=\"image-lightbox lightbox-gallery\" href=\"https:\/\/lexvu.vn\/wp-content\/uploads\/2024\/03\/5-1024x576.jpg\" title=\"\">            <div class=\"box has-hover gallery-box box-overlay dark\">\n              <div class=\"box-image\" >\n                <img loading=\"lazy\" decoding=\"async\" width=\"300\" height=\"169\" src=\"https:\/\/lexvu.vn\/wp-content\/uploads\/2024\/03\/5-300x169.jpg\" class=\"attachment-medium size-medium\" alt=\"\" ids=\"1272,1273,1274,1275,1276,1277,1278,1279,1280,1281,1282,1283\" col_spacing=\"small\" srcset=\"https:\/\/lexvu.vn\/wp-content\/uploads\/2024\/03\/5-300x169.jpg 300w, https:\/\/lexvu.vn\/wp-content\/uploads\/2024\/03\/5-1024x576.jpg 1024w, https:\/\/lexvu.vn\/wp-content\/uploads\/2024\/03\/5-768x432.jpg 768w, https:\/\/lexvu.vn\/wp-content\/uploads\/2024\/03\/5-1536x864.jpg 1536w, https:\/\/lexvu.vn\/wp-content\/uploads\/2024\/03\/5-18x10.jpg 18w, https:\/\/lexvu.vn\/wp-content\/uploads\/2024\/03\/5.jpg 2048w\" sizes=\"auto, (max-width: 300px) 100vw, 300px\" \/>                                  <div class=\"overlay fill\"\n                      style=\"background-color: rgba(0,0,0,.15)\">\n                  <\/div>\n                                                              <\/div>\n              <div class=\"box-text text-left\" >\n                 <p><\/p>\n              <\/div>\n            <\/div>\n            <\/a>          <\/div>\n         <\/div><div class=\"gallery-col col\" >\n          <div class=\"col-inner\">\n            <a class=\"image-lightbox lightbox-gallery\" href=\"https:\/\/lexvu.vn\/wp-content\/uploads\/2024\/03\/6-1024x576.jpg\" title=\"\">            <div class=\"box has-hover gallery-box box-overlay dark\">\n              <div class=\"box-image\" >\n                <img loading=\"lazy\" decoding=\"async\" width=\"300\" height=\"169\" src=\"https:\/\/lexvu.vn\/wp-content\/uploads\/2024\/03\/6-300x169.jpg\" class=\"attachment-medium size-medium\" alt=\"\" ids=\"1272,1273,1274,1275,1276,1277,1278,1279,1280,1281,1282,1283\" col_spacing=\"small\" srcset=\"https:\/\/lexvu.vn\/wp-content\/uploads\/2024\/03\/6-300x169.jpg 300w, https:\/\/lexvu.vn\/wp-content\/uploads\/2024\/03\/6-1024x576.jpg 1024w, https:\/\/lexvu.vn\/wp-content\/uploads\/2024\/03\/6-768x432.jpg 768w, https:\/\/lexvu.vn\/wp-content\/uploads\/2024\/03\/6-1536x864.jpg 1536w, https:\/\/lexvu.vn\/wp-content\/uploads\/2024\/03\/6-18x10.jpg 18w, https:\/\/lexvu.vn\/wp-content\/uploads\/2024\/03\/6.jpg 2048w\" sizes=\"auto, (max-width: 300px) 100vw, 300px\" \/>                                  <div class=\"overlay fill\"\n                      style=\"background-color: rgba(0,0,0,.15)\">\n                  <\/div>\n                                                              <\/div>\n              <div class=\"box-text text-left\" >\n                 <p><\/p>\n              <\/div>\n            <\/div>\n            <\/a>          <\/div>\n         <\/div><div class=\"gallery-col col\" >\n          <div class=\"col-inner\">\n            <a class=\"image-lightbox lightbox-gallery\" href=\"https:\/\/lexvu.vn\/wp-content\/uploads\/2024\/03\/7-1024x576.jpg\" title=\"\">            <div class=\"box has-hover gallery-box box-overlay dark\">\n              <div class=\"box-image\" >\n                <img loading=\"lazy\" decoding=\"async\" width=\"300\" height=\"169\" src=\"https:\/\/lexvu.vn\/wp-content\/uploads\/2024\/03\/7-300x169.jpg\" class=\"attachment-medium size-medium\" alt=\"\" ids=\"1272,1273,1274,1275,1276,1277,1278,1279,1280,1281,1282,1283\" col_spacing=\"small\" srcset=\"https:\/\/lexvu.vn\/wp-content\/uploads\/2024\/03\/7-300x169.jpg 300w, https:\/\/lexvu.vn\/wp-content\/uploads\/2024\/03\/7-1024x576.jpg 1024w, https:\/\/lexvu.vn\/wp-content\/uploads\/2024\/03\/7-768x432.jpg 768w, https:\/\/lexvu.vn\/wp-content\/uploads\/2024\/03\/7-1536x864.jpg 1536w, https:\/\/lexvu.vn\/wp-content\/uploads\/2024\/03\/7-18x10.jpg 18w, https:\/\/lexvu.vn\/wp-content\/uploads\/2024\/03\/7.jpg 2048w\" sizes=\"auto, (max-width: 300px) 100vw, 300px\" \/>                                  <div class=\"overlay fill\"\n                      style=\"background-color: rgba(0,0,0,.15)\">\n                  <\/div>\n                                                              <\/div>\n              <div class=\"box-text text-left\" >\n                 <p><\/p>\n              <\/div>\n            <\/div>\n            <\/a>          <\/div>\n         <\/div><div class=\"gallery-col col\" >\n          <div class=\"col-inner\">\n            <a class=\"image-lightbox lightbox-gallery\" href=\"https:\/\/lexvu.vn\/wp-content\/uploads\/2024\/03\/8-1024x576.jpg\" title=\"\">            <div class=\"box has-hover gallery-box box-overlay dark\">\n              <div class=\"box-image\" >\n                <img loading=\"lazy\" decoding=\"async\" width=\"300\" height=\"169\" src=\"https:\/\/lexvu.vn\/wp-content\/uploads\/2024\/03\/8-300x169.jpg\" class=\"attachment-medium size-medium\" alt=\"\" ids=\"1272,1273,1274,1275,1276,1277,1278,1279,1280,1281,1282,1283\" col_spacing=\"small\" srcset=\"https:\/\/lexvu.vn\/wp-content\/uploads\/2024\/03\/8-300x169.jpg 300w, https:\/\/lexvu.vn\/wp-content\/uploads\/2024\/03\/8-1024x576.jpg 1024w, https:\/\/lexvu.vn\/wp-content\/uploads\/2024\/03\/8-768x432.jpg 768w, https:\/\/lexvu.vn\/wp-content\/uploads\/2024\/03\/8-1536x864.jpg 1536w, https:\/\/lexvu.vn\/wp-content\/uploads\/2024\/03\/8-18x10.jpg 18w, https:\/\/lexvu.vn\/wp-content\/uploads\/2024\/03\/8.jpg 2048w\" sizes=\"auto, (max-width: 300px) 100vw, 300px\" \/>                                  <div class=\"overlay fill\"\n                      style=\"background-color: rgba(0,0,0,.15)\">\n                  <\/div>\n                                                              <\/div>\n              <div class=\"box-text text-left\" >\n                 <p><\/p>\n              <\/div>\n            <\/div>\n            <\/a>          <\/div>\n         <\/div><div class=\"gallery-col col\" >\n          <div class=\"col-inner\">\n            <a class=\"image-lightbox lightbox-gallery\" href=\"https:\/\/lexvu.vn\/wp-content\/uploads\/2024\/03\/9-1024x576.jpg\" title=\"\">            <div class=\"box has-hover gallery-box box-overlay dark\">\n              <div class=\"box-image\" >\n                <img loading=\"lazy\" decoding=\"async\" width=\"300\" height=\"169\" src=\"https:\/\/lexvu.vn\/wp-content\/uploads\/2024\/03\/9-300x169.jpg\" class=\"attachment-medium size-medium\" alt=\"\" ids=\"1272,1273,1274,1275,1276,1277,1278,1279,1280,1281,1282,1283\" col_spacing=\"small\" srcset=\"https:\/\/lexvu.vn\/wp-content\/uploads\/2024\/03\/9-300x169.jpg 300w, https:\/\/lexvu.vn\/wp-content\/uploads\/2024\/03\/9-1024x576.jpg 1024w, https:\/\/lexvu.vn\/wp-content\/uploads\/2024\/03\/9-768x432.jpg 768w, https:\/\/lexvu.vn\/wp-content\/uploads\/2024\/03\/9-1536x864.jpg 1536w, https:\/\/lexvu.vn\/wp-content\/uploads\/2024\/03\/9-18x10.jpg 18w, https:\/\/lexvu.vn\/wp-content\/uploads\/2024\/03\/9.jpg 2048w\" sizes=\"auto, (max-width: 300px) 100vw, 300px\" \/>                                  <div class=\"overlay fill\"\n                      style=\"background-color: rgba(0,0,0,.15)\">\n                  <\/div>\n                                                              <\/div>\n              <div class=\"box-text text-left\" >\n                 <p><\/p>\n              <\/div>\n            <\/div>\n            <\/a>          <\/div>\n         <\/div><div class=\"gallery-col col\" >\n          <div class=\"col-inner\">\n            <a class=\"image-lightbox lightbox-gallery\" href=\"https:\/\/lexvu.vn\/wp-content\/uploads\/2024\/03\/10-1024x637.jpg\" title=\"\">            <div class=\"box has-hover gallery-box box-overlay dark\">\n              <div class=\"box-image\" >\n                <img loading=\"lazy\" decoding=\"async\" width=\"300\" height=\"187\" src=\"https:\/\/lexvu.vn\/wp-content\/uploads\/2024\/03\/10-300x187.jpg\" class=\"attachment-medium size-medium\" alt=\"\" ids=\"1272,1273,1274,1275,1276,1277,1278,1279,1280,1281,1282,1283\" col_spacing=\"small\" srcset=\"https:\/\/lexvu.vn\/wp-content\/uploads\/2024\/03\/10-300x187.jpg 300w, https:\/\/lexvu.vn\/wp-content\/uploads\/2024\/03\/10-1024x637.jpg 1024w, https:\/\/lexvu.vn\/wp-content\/uploads\/2024\/03\/10-768x478.jpg 768w, https:\/\/lexvu.vn\/wp-content\/uploads\/2024\/03\/10-1536x956.jpg 1536w, https:\/\/lexvu.vn\/wp-content\/uploads\/2024\/03\/10-18x12.jpg 18w, https:\/\/lexvu.vn\/wp-content\/uploads\/2024\/03\/10.jpg 2048w\" sizes=\"auto, (max-width: 300px) 100vw, 300px\" \/>                                  <div class=\"overlay fill\"\n                      style=\"background-color: rgba(0,0,0,.15)\">\n                  <\/div>\n                                                              <\/div>\n              <div class=\"box-text text-left\" >\n                 <p><\/p>\n              <\/div>\n            <\/div>\n            <\/a>          <\/div>\n         <\/div><div class=\"gallery-col col\" >\n          <div class=\"col-inner\">\n            <a class=\"image-lightbox lightbox-gallery\" href=\"https:\/\/lexvu.vn\/wp-content\/uploads\/2024\/03\/11-1024x576.jpg\" title=\"\">            <div class=\"box has-hover gallery-box box-overlay dark\">\n              <div class=\"box-image\" >\n                <img loading=\"lazy\" decoding=\"async\" width=\"300\" height=\"169\" src=\"https:\/\/lexvu.vn\/wp-content\/uploads\/2024\/03\/11-300x169.jpg\" class=\"attachment-medium size-medium\" alt=\"\" ids=\"1272,1273,1274,1275,1276,1277,1278,1279,1280,1281,1282,1283\" col_spacing=\"small\" srcset=\"https:\/\/lexvu.vn\/wp-content\/uploads\/2024\/03\/11-300x169.jpg 300w, https:\/\/lexvu.vn\/wp-content\/uploads\/2024\/03\/11-1024x576.jpg 1024w, https:\/\/lexvu.vn\/wp-content\/uploads\/2024\/03\/11-768x432.jpg 768w, https:\/\/lexvu.vn\/wp-content\/uploads\/2024\/03\/11-1536x864.jpg 1536w, https:\/\/lexvu.vn\/wp-content\/uploads\/2024\/03\/11-18x10.jpg 18w, https:\/\/lexvu.vn\/wp-content\/uploads\/2024\/03\/11.jpg 2048w\" sizes=\"auto, (max-width: 300px) 100vw, 300px\" \/>                                  <div class=\"overlay fill\"\n                      style=\"background-color: rgba(0,0,0,.15)\">\n                  <\/div>\n                                                              <\/div>\n              <div class=\"box-text text-left\" >\n                 <p><\/p>\n              <\/div>\n            <\/div>\n            <\/a>          <\/div>\n         <\/div><div class=\"gallery-col col\" >\n          <div class=\"col-inner\">\n            <a class=\"image-lightbox lightbox-gallery\" href=\"https:\/\/lexvu.vn\/wp-content\/uploads\/2024\/03\/12-1024x576.jpg\" title=\"\">            <div class=\"box has-hover gallery-box box-overlay dark\">\n              <div class=\"box-image\" >\n                <img loading=\"lazy\" decoding=\"async\" width=\"300\" height=\"169\" src=\"https:\/\/lexvu.vn\/wp-content\/uploads\/2024\/03\/12-300x169.jpg\" class=\"attachment-medium size-medium\" alt=\"\" ids=\"1272,1273,1274,1275,1276,1277,1278,1279,1280,1281,1282,1283\" col_spacing=\"small\" srcset=\"https:\/\/lexvu.vn\/wp-content\/uploads\/2024\/03\/12-300x169.jpg 300w, https:\/\/lexvu.vn\/wp-content\/uploads\/2024\/03\/12-1024x576.jpg 1024w, https:\/\/lexvu.vn\/wp-content\/uploads\/2024\/03\/12-768x432.jpg 768w, https:\/\/lexvu.vn\/wp-content\/uploads\/2024\/03\/12-1536x864.jpg 1536w, https:\/\/lexvu.vn\/wp-content\/uploads\/2024\/03\/12-18x10.jpg 18w, https:\/\/lexvu.vn\/wp-content\/uploads\/2024\/03\/12.jpg 2048w\" sizes=\"auto, (max-width: 300px) 100vw, 300px\" \/>                                  <div class=\"overlay fill\"\n                      style=\"background-color: rgba(0,0,0,.15)\">\n                  <\/div>\n                                                              <\/div>\n              <div class=\"box-text text-left\" >\n                 <p><\/p>\n              <\/div>\n            <\/div>\n            <\/a>          <\/div>\n         <\/div><\/div>\n\n\n\t\t<\/div>\n\n\t\t\n<style>\n#section_880647535 {\n  padding-top: 30px;\n  padding-bottom: 30px;\n}\n#section_880647535 .ux-shape-divider--top svg {\n  height: 150px;\n  --divider-top-width: 100%;\n}\n#section_880647535 .ux-shape-divider--bottom svg {\n  height: 150px;\n  --divider-width: 100%;\n}\n<\/style>\n\t<\/section>","protected":false},"excerpt":{"rendered":"","protected":false},"author":1,"featured_media":0,"parent":0,"menu_order":0,"comment_status":"closed","ping_status":"closed","template":"page-blank.php","meta":{"footnotes":""},"class_list":["post-30","page","type-page","status-publish","hentry"],"_links":{"self":[{"href":"https:\/\/lexvu.vn\/vi\/wp-json\/wp\/v2\/pages\/30","targetHints":{"allow":["GET"]}}],"collection":[{"href":"https:\/\/lexvu.vn\/vi\/wp-json\/wp\/v2\/pages"}],"about":[{"href":"https:\/\/lexvu.vn\/vi\/wp-json\/wp\/v2\/types\/page"}],"author":[{"embeddable":true,"href":"https:\/\/lexvu.vn\/vi\/wp-json\/wp\/v2\/users\/1"}],"replies":[{"embeddable":true,"href":"https:\/\/lexvu.vn\/vi\/wp-json\/wp\/v2\/comments?post=30"}],"version-history":[{"count":16,"href":"https:\/\/lexvu.vn\/vi\/wp-json\/wp\/v2\/pages\/30\/revisions"}],"predecessor-version":[{"id":1307,"href":"https:\/\/lexvu.vn\/vi\/wp-json\/wp\/v2\/pages\/30\/revisions\/1307"}],"wp:attachment":[{"href":"https:\/\/lexvu.vn\/vi\/wp-json\/wp\/v2\/media?parent=30"}],"curies":[{"name":"wp","href":"https:\/\/api.w.org\/{rel}","templated":true}]}}